{"id":2498,"date":"2022-12-03T15:22:28","date_gmt":"2022-12-03T20:22:28","guid":{"rendered":"https:\/\/boutique.histoire-archives-laurentides.com\/?post_type=product&#038;p=2498"},"modified":"2022-12-04T20:08:58","modified_gmt":"2022-12-05T01:08:58","slug":"don-de-30","status":"publish","type":"product","link":"https:\/\/boutique.histoire-archives-laurentides.com\/?product=don-de-30","title":{"rendered":"Don de $20"},"content":{"rendered":"<p>Aidez Histoire et Archives Laurentides en faisant un don en m\u00e9moire de Marie-Paule Hamel, grande b\u00e9n\u00e9vole de notre organisation qui est d\u00e9c\u00e9d\u00e9 en 2022.\u00a0 Votre don sera utilis\u00e9 pour soutenir nos activit\u00e9s.\u00a0 Vous pouvez utiliser votre carte de cr\u00e9dit pour faire votre don par tranche de $20.<\/p>\n<p>Merci d&rsquo;avance de votre support.<\/p>\n<p>A partir de $20, un re\u00e7u d&rsquo;imp\u00f4t est \u00e9mis au donateur.<\/p>\n","protected":false},"excerpt":{"rendered":"<p>Don de $20.<\/p>\n","protected":false},"featured_media":904,"comment_status":"open","ping_status":"closed","template":"","meta":[],"product_cat":[47],"product_tag":[],"class_list":{"0":"post-2498","1":"product","2":"type-product","3":"status-publish","4":"has-post-thumbnail","6":"product_cat-don","8":"first","9":"instock","10":"virtual","11":"purchasable","12":"product-type-simple"},"_links":{"self":[{"href":"https:\/\/boutique.histoire-archives-laurentides.com\/index.php?rest_route=\/wp\/v2\/product\/2498","targetHints":{"allow":["GET"]}}],"collection":[{"href":"https:\/\/boutique.histoire-archives-laurentides.com\/index.php?rest_route=\/wp\/v2\/product"}],"about":[{"href":"https:\/\/boutique.histoire-archives-laurentides.com\/index.php?rest_route=\/wp\/v2\/types\/product"}],"replies":[{"embeddable":true,"href":"https:\/\/boutique.histoire-archives-laurentides.com\/index.php?rest_route=%2Fwp%2Fv2%2Fcomments&post=2498"}],"wp:featuredmedia":[{"embeddable":true,"href":"https:\/\/boutique.histoire-archives-laurentides.com\/index.php?rest_route=\/wp\/v2\/media\/904"}],"wp:attachment":[{"href":"https:\/\/boutique.histoire-archives-laurentides.com\/index.php?rest_route=%2Fwp%2Fv2%2Fmedia&parent=2498"}],"wp:term":[{"taxonomy":"product_cat","embeddable":true,"href":"https:\/\/boutique.histoire-archives-laurentides.com\/index.php?rest_route=%2Fwp%2Fv2%2Fproduct_cat&post=2498"},{"taxonomy":"product_tag","embeddable":true,"href":"https:\/\/boutique.histoire-archives-laurentides.com\/index.php?rest_route=%2Fwp%2Fv2%2Fproduct_tag&post=2498"}],"curies":[{"name":"wp","href":"https:\/\/api.w.org\/{rel}","templated":true}]}}