{"id":2464,"date":"2021-06-01T11:16:09","date_gmt":"2021-06-01T16:16:09","guid":{"rendered":"https:\/\/boutique.histoire-archives-laurentides.com\/?post_type=product&#038;p=2464"},"modified":"2021-06-01T12:55:43","modified_gmt":"2021-06-01T17:55:43","slug":"le-ptit-train-du-nord-par-isabelle-charbonneau","status":"publish","type":"product","link":"https:\/\/boutique.histoire-archives-laurentides.com\/?product=le-ptit-train-du-nord-par-isabelle-charbonneau","title":{"rendered":"Le P\u2019tit Train du Nord"},"content":{"rendered":"<p>Tout le monde \u00e0 bord, le train va d\u00e9marrer!<\/p>\n<p>Accompagnez les animaux des Laurentides sur le parcours historique du P\u2019tit train du Nord.\u00a0 Une balade en hommage au patrimoine, \u00e0 la flore et \u00e0 la faune d\u2019une des plus belles r\u00e9gions du Qu\u00e9bec, par la plume et les couleurs vibrantes d\u2019Isabelle Charbonneau.<\/p>\n<p>Pour tout savoir sur les r\u00e9f\u00e9rences historiques du texte, t\u00e9l\u00e9chargez la fiche d\u2019accompagnement disponible au <a href=\"http:\/\/www.editionsdugrandelean.com\/le-ptit-train-du-nord\">www.editionsdugrandelean.com\/le-ptit-train-du-nord<\/a><\/p>\n<p>Editeur\u00a0: Grand \u00c9lan<\/p>\n<p>ISBN 978-2-9816003-5-6<\/p>\n<p>Parution Juin 2019<\/p>\n","protected":false},"excerpt":{"rendered":"<p>Autrice:\u00a0 Isabelle Charbonneau<\/p>\n<p>&nbsp;<\/p>\n","protected":false},"featured_media":2459,"comment_status":"open","ping_status":"closed","template":"","meta":[],"product_cat":[42],"product_tag":[],"class_list":{"0":"post-2464","1":"product","2":"type-product","3":"status-publish","4":"has-post-thumbnail","6":"product_cat-livre","8":"first","9":"instock","10":"purchasable","11":"product-type-simple"},"_links":{"self":[{"href":"https:\/\/boutique.histoire-archives-laurentides.com\/index.php?rest_route=\/wp\/v2\/product\/2464","targetHints":{"allow":["GET"]}}],"collection":[{"href":"https:\/\/boutique.histoire-archives-laurentides.com\/index.php?rest_route=\/wp\/v2\/product"}],"about":[{"href":"https:\/\/boutique.histoire-archives-laurentides.com\/index.php?rest_route=\/wp\/v2\/types\/product"}],"replies":[{"embeddable":true,"href":"https:\/\/boutique.histoire-archives-laurentides.com\/index.php?rest_route=%2Fwp%2Fv2%2Fcomments&post=2464"}],"wp:featuredmedia":[{"embeddable":true,"href":"https:\/\/boutique.histoire-archives-laurentides.com\/index.php?rest_route=\/wp\/v2\/media\/2459"}],"wp:attachment":[{"href":"https:\/\/boutique.histoire-archives-laurentides.com\/index.php?rest_route=%2Fwp%2Fv2%2Fmedia&parent=2464"}],"wp:term":[{"taxonomy":"product_cat","embeddable":true,"href":"https:\/\/boutique.histoire-archives-laurentides.com\/index.php?rest_route=%2Fwp%2Fv2%2Fproduct_cat&post=2464"},{"taxonomy":"product_tag","embeddable":true,"href":"https:\/\/boutique.histoire-archives-laurentides.com\/index.php?rest_route=%2Fwp%2Fv2%2Fproduct_tag&post=2464"}],"curies":[{"name":"wp","href":"https:\/\/api.w.org\/{rel}","templated":true}]}}