{"id":2307,"date":"2021-03-16T15:27:49","date_gmt":"2021-03-16T20:27:49","guid":{"rendered":"https:\/\/boutique.histoire-archives-laurentides.com\/?post_type=product&#038;p=2307"},"modified":"2021-03-17T11:07:21","modified_gmt":"2021-03-17T16:07:21","slug":"coffret-de-15-cartes-souvenirs-de-saint-jerome-2009","status":"publish","type":"product","link":"https:\/\/boutique.histoire-archives-laurentides.com\/?product=coffret-de-15-cartes-souvenirs-de-saint-jerome-2009","title":{"rendered":"Coffret de 15 cartes souvenirs de Saint-J\u00e9r\u00f4me, 2009"},"content":{"rendered":"<p>Coffret de 15 cartes souvenirs d\u2019oeuvres d\u2019artistes de l\u2019Association des Artistes en Arts Visuels de Saint-J\u00e9r\u00f4me peintes \u00e0 l\u2019occasion du 175e anniversaire de Saint-J\u00e9r\u00f4me \u00e0 partir de photos anciennes de la Soci\u00e9t\u00e9 d\u2019histoire de la Rivi\u00e8re du Nord.<\/p>\n<p>Au verso de chaque carte, nous retrouvons le profil de l\u2019artiste ainsi qu\u2019un bref historique du sujet repr\u00e9sent\u00e9. Les 15 cartes souvenirs (en couleur) sont rassembl\u00e9es dans un joli coffret. Un cadeau tr\u00e8s original \u00e0 offrir aux passionn\u00e9s d\u2019art et d\u2019histoire.<\/p>\n","protected":false},"excerpt":{"rendered":"<p>Coffret de 15 cartes souvenirs d\u2019oeuvres d\u2019artistes de l\u2019Association des Artistes en Arts Visuels de Saint-J\u00e9r\u00f4me (2009)<\/p>\n","protected":false},"featured_media":2308,"comment_status":"open","ping_status":"closed","template":"","meta":[],"product_cat":[46],"product_tag":[],"class_list":{"0":"post-2307","1":"product","2":"type-product","3":"status-publish","4":"has-post-thumbnail","6":"product_cat-autres","8":"first","9":"instock","10":"purchasable","11":"product-type-simple"},"_links":{"self":[{"href":"https:\/\/boutique.histoire-archives-laurentides.com\/index.php?rest_route=\/wp\/v2\/product\/2307","targetHints":{"allow":["GET"]}}],"collection":[{"href":"https:\/\/boutique.histoire-archives-laurentides.com\/index.php?rest_route=\/wp\/v2\/product"}],"about":[{"href":"https:\/\/boutique.histoire-archives-laurentides.com\/index.php?rest_route=\/wp\/v2\/types\/product"}],"replies":[{"embeddable":true,"href":"https:\/\/boutique.histoire-archives-laurentides.com\/index.php?rest_route=%2Fwp%2Fv2%2Fcomments&post=2307"}],"wp:featuredmedia":[{"embeddable":true,"href":"https:\/\/boutique.histoire-archives-laurentides.com\/index.php?rest_route=\/wp\/v2\/media\/2308"}],"wp:attachment":[{"href":"https:\/\/boutique.histoire-archives-laurentides.com\/index.php?rest_route=%2Fwp%2Fv2%2Fmedia&parent=2307"}],"wp:term":[{"taxonomy":"product_cat","embeddable":true,"href":"https:\/\/boutique.histoire-archives-laurentides.com\/index.php?rest_route=%2Fwp%2Fv2%2Fproduct_cat&post=2307"},{"taxonomy":"product_tag","embeddable":true,"href":"https:\/\/boutique.histoire-archives-laurentides.com\/index.php?rest_route=%2Fwp%2Fv2%2Fproduct_tag&post=2307"}],"curies":[{"name":"wp","href":"https:\/\/api.w.org\/{rel}","templated":true}]}}