{"id":2303,"date":"2021-03-18T08:40:24","date_gmt":"2021-03-18T13:40:24","guid":{"rendered":"https:\/\/boutique.histoire-archives-laurentides.com\/?post_type=product&#038;p=2303"},"modified":"2021-03-22T13:26:12","modified_gmt":"2021-03-22T18:26:12","slug":"antoine-labelle-le-roi-du-nord-trois-fois-couronne","status":"publish","type":"product","link":"https:\/\/boutique.histoire-archives-laurentides.com\/?product=antoine-labelle-le-roi-du-nord-trois-fois-couronne","title":{"rendered":"Antoine Labelle : Le Roi du Nord trois fois couronn\u00e9"},"content":{"rendered":"<p>La populaire s\u00e9rie t\u00e9l\u00e9vis\u00e9e <em>Les Pays d\u2019en Haut<\/em> vient juste de se terminer qu\u2019Histoire et Archives Laurentides (HAL) vous propose son nouveau livre <em>Antoine Labelle\u00a0: Le Roi du Nord Trois fois couronn\u00e9, <\/em>afin de poursuivre la d\u00e9couverte de ce personnage hors du commun qui a marqu\u00e9 l\u2019imaginaire qu\u00e9b\u00e9cois.<\/p>\n<p>&nbsp;<\/p>\n","protected":false},"excerpt":{"rendered":"<p><em>Antoine Labelle\u00a0: Le Roi du Nord Trois fois couronn\u00e9<\/em><\/p>\n","protected":false},"featured_media":2317,"comment_status":"open","ping_status":"closed","template":"","meta":[],"product_cat":[42],"product_tag":[],"class_list":{"0":"post-2303","1":"product","2":"type-product","3":"status-publish","4":"has-post-thumbnail","6":"product_cat-livre","8":"first","9":"instock","10":"purchasable","11":"product-type-simple"},"_links":{"self":[{"href":"https:\/\/boutique.histoire-archives-laurentides.com\/index.php?rest_route=\/wp\/v2\/product\/2303","targetHints":{"allow":["GET"]}}],"collection":[{"href":"https:\/\/boutique.histoire-archives-laurentides.com\/index.php?rest_route=\/wp\/v2\/product"}],"about":[{"href":"https:\/\/boutique.histoire-archives-laurentides.com\/index.php?rest_route=\/wp\/v2\/types\/product"}],"replies":[{"embeddable":true,"href":"https:\/\/boutique.histoire-archives-laurentides.com\/index.php?rest_route=%2Fwp%2Fv2%2Fcomments&post=2303"}],"wp:featuredmedia":[{"embeddable":true,"href":"https:\/\/boutique.histoire-archives-laurentides.com\/index.php?rest_route=\/wp\/v2\/media\/2317"}],"wp:attachment":[{"href":"https:\/\/boutique.histoire-archives-laurentides.com\/index.php?rest_route=%2Fwp%2Fv2%2Fmedia&parent=2303"}],"wp:term":[{"taxonomy":"product_cat","embeddable":true,"href":"https:\/\/boutique.histoire-archives-laurentides.com\/index.php?rest_route=%2Fwp%2Fv2%2Fproduct_cat&post=2303"},{"taxonomy":"product_tag","embeddable":true,"href":"https:\/\/boutique.histoire-archives-laurentides.com\/index.php?rest_route=%2Fwp%2Fv2%2Fproduct_tag&post=2303"}],"curies":[{"name":"wp","href":"https:\/\/api.w.org\/{rel}","templated":true}]}}